{"id":54,"date":"2016-09-17T15:13:27","date_gmt":"2016-09-17T12:13:27","guid":{"rendered":"http:\/\/kampinlihashuolto.fi\/?page_id=54"},"modified":"2023-10-01T20:10:36","modified_gmt":"2023-10-01T17:10:36","slug":"54-2","status":"publish","type":"page","link":"http:\/\/kampinlihashuolto.fi\/?page_id=54","title":{"rendered":"Hinnasto"},"content":{"rendered":"<p>Klassinen- ja Urheiluhieronta<\/p>\n<p style=\"text-align: left;\">30 min: 41 \u20ac<\/p>\n<p style=\"text-align: left;\">45 min: 51 \u20ac<\/p>\n<p style=\"text-align: left;\">60 min: 61 \u20ac<\/p>\n<p style=\"text-align: left;\">90 min: 90 \u20ac<\/p>\n<p style=\"text-align: left;\"><em>Sarja- ja lahjakorteista voit tiedustella erikseen.<\/em><\/p>\n<p>Maksutapoina k\u00e4yv\u00e4t nyt my\u00f6s E-passi ja Smartum hierontaedulla.<\/p>\n<p>Mik\u00e4li tulet ensimm\u00e4ist\u00e4 kertaa meille hierontaan, varaathan v\u00e4hint\u00e4\u00e4n 45 min ajan. Ensimm\u00e4isen kerran yhteydess\u00e4 kartoitamme asiakkaan hoitotarpeen.<\/p>\n<p>Peruuttamattomista k\u00e4ynneist\u00e4 perimme t\u00e4yden hinnan, jos peruutus tulee saman p\u00e4iv\u00e4n aikana.<\/p>\n<p>Jos olet kiinnostunut hieronnasta esim. ty\u00f6paikallasi tai tapahtumassa, ota yhteytt\u00e4 s\u00e4hk\u00f6postitse ja kysy tarjousta. <a href=\"mailto:joni.sillanpaa@kampinlihashuolto.fi\">joni.sillanpaa@kampinlihashuolto.fi<\/a><\/p>\n","protected":false},"excerpt":{"rendered":"<p>Klassinen- ja Urheiluhieronta 30 min: 41 \u20ac 45 min: 51 \u20ac 60 min: 61 \u20ac 90 min: 90 \u20ac Sarja- ja lahjakorteista voit tiedustella erikseen. Maksutapoina k\u00e4yv\u00e4t nyt my\u00f6s E-passi ja Smartum hierontaedulla. Mik\u00e4li tulet ensimm\u00e4ist\u00e4 kertaa meille hierontaan, varaathan v\u00e4hint\u00e4\u00e4n 45 min ajan. Ensimm\u00e4isen kerran yhteydess\u00e4 kartoitamme asiakkaan hoitotarpeen. Peruuttamattomista k\u00e4ynneist\u00e4 perimme t\u00e4yden hinnan, &hellip; <\/p>\n<p class=\"link-more\"><a href=\"http:\/\/kampinlihashuolto.fi\/?page_id=54\" class=\"more-link\">Jatka lukemista<span class=\"screen-reader-text\"> &#8221;Hinnasto&#8221;<\/span><\/a><\/p>\n","protected":false},"author":1,"featured_media":0,"parent":0,"menu_order":0,"comment_status":"closed","ping_status":"closed","template":"","meta":[],"_links":{"self":[{"href":"http:\/\/kampinlihashuolto.fi\/index.php?rest_route=\/wp\/v2\/pages\/54"}],"collection":[{"href":"http:\/\/kampinlihashuolto.fi\/index.php?rest_route=\/wp\/v2\/pages"}],"about":[{"href":"http:\/\/kampinlihashuolto.fi\/index.php?rest_route=\/wp\/v2\/types\/page"}],"author":[{"embeddable":true,"href":"http:\/\/kampinlihashuolto.fi\/index.php?rest_route=\/wp\/v2\/users\/1"}],"replies":[{"embeddable":true,"href":"http:\/\/kampinlihashuolto.fi\/index.php?rest_route=%2Fwp%2Fv2%2Fcomments&post=54"}],"version-history":[{"count":38,"href":"http:\/\/kampinlihashuolto.fi\/index.php?rest_route=\/wp\/v2\/pages\/54\/revisions"}],"predecessor-version":[{"id":374,"href":"http:\/\/kampinlihashuolto.fi\/index.php?rest_route=\/wp\/v2\/pages\/54\/revisions\/374"}],"wp:attachment":[{"href":"http:\/\/kampinlihashuolto.fi\/index.php?rest_route=%2Fwp%2Fv2%2Fmedia&parent=54"}],"curies":[{"name":"wp","href":"https:\/\/api.w.org\/{rel}","templated":true}]}}