{"id":2,"date":"2016-09-14T19:56:57","date_gmt":"2016-09-14T16:56:57","guid":{"rendered":"http:\/\/kampinlihashuolto.fi\/?page_id=2"},"modified":"2023-10-01T20:09:03","modified_gmt":"2023-10-01T17:09:03","slug":"esimerkkisivu","status":"publish","type":"page","link":"https:\/\/kampinlihashuolto.fi\/","title":{"rendered":"Tietoa meist\u00e4"},"content":{"rendered":"\n<p><strong>Kampin Lihashuolto muuttaa! Toimimme jatkossa 2.10.2023 alkaen uusissa tiloissa, L\u00f6nkka22 (L\u00f6nnrotinkatu 22). <\/strong><\/p>\n\n\n<p>Me Kampin Lihashuollossa tarjoamme sek\u00e4 urheilu- ett\u00e4 klassista hierontaa helpottamaan arjen tuomaa rasitusta. Koulutetut hierojamme r\u00e4\u00e4t\u00e4l\u00f6iv\u00e4t tehokkaan ja miellytt\u00e4v\u00e4n hoidon, olipa kyseess\u00e4 stressin tai kivun aiheuttama vaiva.\u00a0 Hieronnan lis\u00e4ksi teemme kineesioteippauksia, passiivisia venytyksi\u00e4 sek\u00e4 fascia- ja triggerk\u00e4sittelyj\u00e4. S\u00e4\u00e4nn\u00f6llisell\u00e4 hieronnalla edist\u00e4t omaa terveytt\u00e4 ja hyvinvointiasi.<\/p>\n<p>Sijaitsemme Helsingin keskustassa, osoitteessa L\u00f6nnrotinkatu 22.\u00a0<\/p>\n<p>Tule helpottamaan oloasi arjen rutiineista ja varaa aikasi jo nyt.<\/p>\n<p>Tervetuloa hierontaan!<\/p>\n<p><img loading=\"lazy\" class=\"alignnone size-full wp-image-324\" src=\"http:\/\/kampinlihashuolto.fi\/wp-content\/uploads\/2017\/11\/Joni-ja-Jassu_MV2_pieni.png\" alt=\"\" width=\"567\" height=\"549\" srcset=\"https:\/\/kampinlihashuolto.fi\/wp-content\/uploads\/2017\/11\/Joni-ja-Jassu_MV2_pieni.png 567w, https:\/\/kampinlihashuolto.fi\/wp-content\/uploads\/2017\/11\/Joni-ja-Jassu_MV2_pieni-300x290.png 300w\" sizes=\"(max-width: 567px) 100vw, 567px\" \/><\/p>\n<p>Joni Sillanp\u00e4\u00e4 &amp; Jasmin H\u00e4nninen<\/p>\n<h3 style=\"text-align: left;\"><strong><a href=\"http:\/\/kampinlihashuolto.fi\/?page_id=36\">VARAA AIKA\u00a0<\/a><\/strong><\/h3>\n<p><a href=\"https:\/\/www.facebook.com\/kampinlihashuolto\/\"><img loading=\"lazy\" class=\"alignnone wp-image-299\" src=\"http:\/\/kampinlihashuolto.fi\/wp-content\/uploads\/2017\/11\/facebook_py\u00f6re\u00e4-ikoni-e1511378141281.png\" alt=\"\" width=\"35\" height=\"35\" \/><\/a><\/p>\n<div class=\"ellipsis _50f3\" style=\"text-align: left;\"><img loading=\"lazy\" class=\"alignnone size-full wp-image-80\" style=\"display: none ! important;\" hidden=\"\" src=\"http:\/\/kampinlihashuolto.fi\/wp-content\/uploads\/2016\/09\/1474378192_facebook.png\" alt=\"1474378192_facebook\" width=\"128\" height=\"128\" \/><\/div>","protected":false},"excerpt":{"rendered":"<p>Kampin Lihashuolto muuttaa! Toimimme jatkossa 2.10.2023 alkaen uusissa tiloissa, L\u00f6nkka22 (L\u00f6nnrotinkatu 22). Me Kampin Lihashuollossa tarjoamme sek\u00e4 urheilu- ett\u00e4 klassista hierontaa helpottamaan arjen tuomaa rasitusta. Koulutetut hierojamme r\u00e4\u00e4t\u00e4l\u00f6iv\u00e4t tehokkaan ja miellytt\u00e4v\u00e4n hoidon, olipa kyseess\u00e4 stressin tai kivun aiheuttama vaiva.\u00a0 Hieronnan lis\u00e4ksi teemme kineesioteippauksia, passiivisia venytyksi\u00e4 sek\u00e4 fascia- ja triggerk\u00e4sittelyj\u00e4. S\u00e4\u00e4nn\u00f6llisell\u00e4 hieronnalla edist\u00e4t omaa terveytt\u00e4 ja &hellip; <\/p>\n<p class=\"link-more\"><a href=\"https:\/\/kampinlihashuolto.fi\/\" class=\"more-link\">Jatka lukemista<span class=\"screen-reader-text\"> &#8221;Tietoa meist\u00e4&#8221;<\/span><\/a><\/p>\n","protected":false},"author":1,"featured_media":0,"parent":0,"menu_order":0,"comment_status":"closed","ping_status":"open","template":"","meta":[],"_links":{"self":[{"href":"https:\/\/kampinlihashuolto.fi\/index.php?rest_route=\/wp\/v2\/pages\/2"}],"collection":[{"href":"https:\/\/kampinlihashuolto.fi\/index.php?rest_route=\/wp\/v2\/pages"}],"about":[{"href":"https:\/\/kampinlihashuolto.fi\/index.php?rest_route=\/wp\/v2\/types\/page"}],"author":[{"embeddable":true,"href":"https:\/\/kampinlihashuolto.fi\/index.php?rest_route=\/wp\/v2\/users\/1"}],"replies":[{"embeddable":true,"href":"https:\/\/kampinlihashuolto.fi\/index.php?rest_route=%2Fwp%2Fv2%2Fcomments&post=2"}],"version-history":[{"count":90,"href":"https:\/\/kampinlihashuolto.fi\/index.php?rest_route=\/wp\/v2\/pages\/2\/revisions"}],"predecessor-version":[{"id":373,"href":"https:\/\/kampinlihashuolto.fi\/index.php?rest_route=\/wp\/v2\/pages\/2\/revisions\/373"}],"wp:attachment":[{"href":"https:\/\/kampinlihashuolto.fi\/index.php?rest_route=%2Fwp%2Fv2%2Fmedia&parent=2"}],"curies":[{"name":"wp","href":"https:\/\/api.w.org\/{rel}","templated":true}]}}